{"id":93,"date":"2019-11-26T12:14:15","date_gmt":"2019-11-26T10:14:15","guid":{"rendered":"http:\/\/pkdgoe.opatovska.sk\/?page_id=93"},"modified":"2025-10-29T17:42:27","modified_gmt":"2025-10-29T15:42:27","slug":"konzultacne-hodiny-vyucujucich-v-sk-roku-201920","status":"publish","type":"page","link":"https:\/\/pkdgoe.opatovska.sk\/?page_id=93","title":{"rendered":"Konzulta\u010dn\u00e9 hodiny vyu\u010duj\u00facich v \u0161k. roku 2025\/26"},"content":{"rendered":"<p>\u010clenovia predmetovej komisie \u010clovek a spolo\u010dnos\u0165 maj\u00fa v \u0161kolskom roku 2025\/2026 konzulta\u010dn\u00e9 hodiny flexibiln\u00e9 po dohode medzi danou triedou a u\u010dite\u013eom.<\/p>\n","protected":false},"excerpt":{"rendered":"<p>\u010clenovia predmetovej komisie \u010clovek a spolo\u010dnos\u0165 maj\u00fa v \u0161kolskom roku 2025\/2026 konzulta\u010dn\u00e9 hodiny flexibiln\u00e9 po dohode medzi danou triedou a u\u010dite\u013eom.<\/p>\n","protected":false},"author":2,"featured_media":0,"parent":0,"menu_order":0,"comment_status":"closed","ping_status":"closed","template":"","meta":{"footnotes":""},"class_list":["post-93","page","type-page","status-publish","hentry"],"_links":{"self":[{"href":"https:\/\/pkdgoe.opatovska.sk\/index.php?rest_route=\/wp\/v2\/pages\/93","targetHints":{"allow":["GET"]}}],"collection":[{"href":"https:\/\/pkdgoe.opatovska.sk\/index.php?rest_route=\/wp\/v2\/pages"}],"about":[{"href":"https:\/\/pkdgoe.opatovska.sk\/index.php?rest_route=\/wp\/v2\/types\/page"}],"author":[{"embeddable":true,"href":"https:\/\/pkdgoe.opatovska.sk\/index.php?rest_route=\/wp\/v2\/users\/2"}],"replies":[{"embeddable":true,"href":"https:\/\/pkdgoe.opatovska.sk\/index.php?rest_route=%2Fwp%2Fv2%2Fcomments&post=93"}],"version-history":[{"count":13,"href":"https:\/\/pkdgoe.opatovska.sk\/index.php?rest_route=\/wp\/v2\/pages\/93\/revisions"}],"predecessor-version":[{"id":7284,"href":"https:\/\/pkdgoe.opatovska.sk\/index.php?rest_route=\/wp\/v2\/pages\/93\/revisions\/7284"}],"wp:attachment":[{"href":"https:\/\/pkdgoe.opatovska.sk\/index.php?rest_route=%2Fwp%2Fv2%2Fmedia&parent=93"}],"curies":[{"name":"wp","href":"https:\/\/api.w.org\/{rel}","templated":true}]}}