{"id":97,"date":"2019-11-26T12:18:21","date_gmt":"2019-11-26T10:18:21","guid":{"rendered":"http:\/\/pkdgoe.opatovska.sk\/?page_id=97"},"modified":"2025-10-29T17:41:44","modified_gmt":"2025-10-29T15:41:44","slug":"kruzkova-cinnost-201920","status":"publish","type":"page","link":"https:\/\/pkdgoe.opatovska.sk\/?page_id=97","title":{"rendered":"Kr\u00fa\u017ekov\u00e1 \u010dinnos\u0165 2025\/26"},"content":{"rendered":"<p>Monika Hub\u00e1\u010dekov\u00e1: Dejepisn\u00fd kr\u00fa\u017eok<\/p>\n<p>&nbsp;<\/p>\n","protected":false},"excerpt":{"rendered":"<p>Monika Hub\u00e1\u010dekov\u00e1: Dejepisn\u00fd kr\u00fa\u017eok &nbsp;<\/p>\n","protected":false},"author":2,"featured_media":0,"parent":0,"menu_order":0,"comment_status":"closed","ping_status":"closed","template":"","meta":{"footnotes":""},"class_list":["post-97","page","type-page","status-publish","hentry"],"_links":{"self":[{"href":"https:\/\/pkdgoe.opatovska.sk\/index.php?rest_route=\/wp\/v2\/pages\/97","targetHints":{"allow":["GET"]}}],"collection":[{"href":"https:\/\/pkdgoe.opatovska.sk\/index.php?rest_route=\/wp\/v2\/pages"}],"about":[{"href":"https:\/\/pkdgoe.opatovska.sk\/index.php?rest_route=\/wp\/v2\/types\/page"}],"author":[{"embeddable":true,"href":"https:\/\/pkdgoe.opatovska.sk\/index.php?rest_route=\/wp\/v2\/users\/2"}],"replies":[{"embeddable":true,"href":"https:\/\/pkdgoe.opatovska.sk\/index.php?rest_route=%2Fwp%2Fv2%2Fcomments&post=97"}],"version-history":[{"count":8,"href":"https:\/\/pkdgoe.opatovska.sk\/index.php?rest_route=\/wp\/v2\/pages\/97\/revisions"}],"predecessor-version":[{"id":7283,"href":"https:\/\/pkdgoe.opatovska.sk\/index.php?rest_route=\/wp\/v2\/pages\/97\/revisions\/7283"}],"wp:attachment":[{"href":"https:\/\/pkdgoe.opatovska.sk\/index.php?rest_route=%2Fwp%2Fv2%2Fmedia&parent=97"}],"curies":[{"name":"wp","href":"https:\/\/api.w.org\/{rel}","templated":true}]}}